{"id":172297,"date":"2026-03-23T12:05:45","date_gmt":"2026-03-23T12:05:45","guid":{"rendered":"https:\/\/miele-outlet.be\/niet-gecategoriseerd\/cm-6360-125-edition-2\/"},"modified":"2026-04-27T05:44:57","modified_gmt":"2026-04-27T05:44:57","slug":"cm-6360-125-edition-2","status":"publish","type":"product","link":"https:\/\/miele-outlet.be\/fr\/machines-a-cafe\/cm-6360-125-edition-2\/","title":{"rendered":"CM 6360 125 Edition"},"content":{"rendered":"<p>Machine \u00e0 caf\u00e9 autonome avec WiFiConn@ct, r\u00e9cipient \u00e0 lait de qualit\u00e9 et une foule de boissons au caf\u00e9.<\/p>\n","protected":false},"excerpt":{"rendered":"<p>Machine \u00e0 caf\u00e9 autonome avec WiFiConn@ct, r\u00e9cipient \u00e0 lait de qualit\u00e9 et une foule de boissons au caf\u00e9.<\/p>\n","protected":false},"featured_media":168379,"template":"","meta":{"_acf_changed":false},"product_cat":[320],"product_tag":[],"class_list":{"0":"post-172297","1":"product","2":"type-product","3":"status-publish","4":"has-post-thumbnail","6":"product_cat-machines-a-cafe","8":"first","9":"outofstock","10":"sale","11":"taxable","12":"shipping-taxable","13":"purchasable","14":"product-type-simple"},"acf":[],"yoast_head":"<!-- This site is optimized with the Yoast SEO plugin v24.0 - https:\/\/yoast.com\/wordpress\/plugins\/seo\/ -->\n<title>CM 6360 125 Edition - Miele<\/title>\n<meta name=\"robots\" content=\"index, follow, max-snippet:-1, max-image-preview:large, max-video-preview:-1\" \/>\n<link rel=\"canonical\" href=\"https:\/\/miele-outlet.be\/fr\/machines-a-cafe\/cm-6360-125-edition-2\/\" \/>\n<meta property=\"og:locale\" content=\"fr_FR\" \/>\n<meta property=\"og:type\" content=\"article\" \/>\n<meta property=\"og:title\" content=\"CM 6360 125 Edition - Miele\" \/>\n<meta property=\"og:description\" content=\"Machine \u00e0 caf\u00e9 autonome avec WiFiConn@ct, r\u00e9cipient \u00e0 lait de qualit\u00e9 et une foule de boissons au caf\u00e9.\" \/>\n<meta property=\"og:url\" content=\"https:\/\/miele-outlet.be\/fr\/machines-a-cafe\/cm-6360-125-edition-2\/\" \/>\n<meta property=\"og:site_name\" content=\"Miele\" \/>\n<meta property=\"article:modified_time\" content=\"2026-04-27T05:44:57+00:00\" \/>\n<meta name=\"twitter:card\" content=\"summary_large_image\" \/>\n<script type=\"application\/ld+json\" class=\"yoast-schema-graph\">{\"@context\":\"https:\/\/schema.org\",\"@graph\":[{\"@type\":\"WebPage\",\"@id\":\"https:\/\/miele-outlet.be\/fr\/machines-a-cafe\/cm-6360-125-edition-2\/\",\"url\":\"https:\/\/miele-outlet.be\/fr\/machines-a-cafe\/cm-6360-125-edition-2\/\",\"name\":\"CM 6360 125 Edition - Miele\",\"isPartOf\":{\"@id\":\"https:\/\/miele-outlet.be\/fr\/#website\"},\"primaryImageOfPage\":{\"@id\":\"https:\/\/miele-outlet.be\/fr\/machines-a-cafe\/cm-6360-125-edition-2\/#primaryimage\"},\"image\":{\"@id\":\"https:\/\/miele-outlet.be\/fr\/machines-a-cafe\/cm-6360-125-edition-2\/#primaryimage\"},\"thumbnailUrl\":\"https:\/\/miele-outlet.be\/wp-content\/uploads\/20000205595.png\",\"datePublished\":\"2026-03-23T12:05:45+00:00\",\"dateModified\":\"2026-04-27T05:44:57+00:00\",\"breadcrumb\":{\"@id\":\"https:\/\/miele-outlet.be\/fr\/machines-a-cafe\/cm-6360-125-edition-2\/#breadcrumb\"},\"inLanguage\":\"fr-BE\",\"potentialAction\":[{\"@type\":\"ReadAction\",\"target\":[\"https:\/\/miele-outlet.be\/fr\/machines-a-cafe\/cm-6360-125-edition-2\/\"]}]},{\"@type\":\"ImageObject\",\"inLanguage\":\"fr-BE\",\"@id\":\"https:\/\/miele-outlet.be\/fr\/machines-a-cafe\/cm-6360-125-edition-2\/#primaryimage\",\"url\":\"https:\/\/miele-outlet.be\/wp-content\/uploads\/20000205595.png\",\"contentUrl\":\"https:\/\/miele-outlet.be\/wp-content\/uploads\/20000205595.png\",\"width\":1400,\"height\":1319},{\"@type\":\"BreadcrumbList\",\"@id\":\"https:\/\/miele-outlet.be\/fr\/machines-a-cafe\/cm-6360-125-edition-2\/#breadcrumb\",\"itemListElement\":[{\"@type\":\"ListItem\",\"position\":1,\"name\":\"Home\",\"item\":\"https:\/\/miele-outlet.be\/fr\/\"},{\"@type\":\"ListItem\",\"position\":2,\"name\":\"Tous les produits\",\"item\":\"https:\/\/miele-outlet.be\/fr\/boutique\/\"},{\"@type\":\"ListItem\",\"position\":3,\"name\":\"CM 6360 125 Edition\"}]},{\"@type\":\"WebSite\",\"@id\":\"https:\/\/miele-outlet.be\/fr\/#website\",\"url\":\"https:\/\/miele-outlet.be\/fr\/\",\"name\":\"Miele\",\"description\":\"Miele Outlet Webshop\",\"publisher\":{\"@id\":\"https:\/\/miele-outlet.be\/fr\/#organization\"},\"potentialAction\":[{\"@type\":\"SearchAction\",\"target\":{\"@type\":\"EntryPoint\",\"urlTemplate\":\"https:\/\/miele-outlet.be\/fr\/?s={search_term_string}\"},\"query-input\":{\"@type\":\"PropertyValueSpecification\",\"valueRequired\":true,\"valueName\":\"search_term_string\"}}],\"inLanguage\":\"fr-BE\"},{\"@type\":\"Organization\",\"@id\":\"https:\/\/miele-outlet.be\/fr\/#organization\",\"name\":\"Miele-outlet\",\"url\":\"https:\/\/miele-outlet.be\/fr\/\",\"logo\":{\"@type\":\"ImageObject\",\"inLanguage\":\"fr-BE\",\"@id\":\"https:\/\/miele-outlet.be\/fr\/#\/schema\/logo\/image\/\",\"url\":\"https:\/\/miele-outlet.be\/wp-content\/uploads\/2020\/06\/miele.png\",\"contentUrl\":\"https:\/\/miele-outlet.be\/wp-content\/uploads\/2020\/06\/miele.png\",\"width\":796,\"height\":311,\"caption\":\"Miele-outlet\"},\"image\":{\"@id\":\"https:\/\/miele-outlet.be\/fr\/#\/schema\/logo\/image\/\"}}]}<\/script>\n<!-- \/ Yoast SEO plugin. -->","yoast_head_json":{"title":"CM 6360 125 Edition - Miele","robots":{"index":"index","follow":"follow","max-snippet":"max-snippet:-1","max-image-preview":"max-image-preview:large","max-video-preview":"max-video-preview:-1"},"canonical":"https:\/\/miele-outlet.be\/fr\/machines-a-cafe\/cm-6360-125-edition-2\/","og_locale":"fr_FR","og_type":"article","og_title":"CM 6360 125 Edition - Miele","og_description":"Machine \u00e0 caf\u00e9 autonome avec WiFiConn@ct, r\u00e9cipient \u00e0 lait de qualit\u00e9 et une foule de boissons au caf\u00e9.","og_url":"https:\/\/miele-outlet.be\/fr\/machines-a-cafe\/cm-6360-125-edition-2\/","og_site_name":"Miele","article_modified_time":"2026-04-27T05:44:57+00:00","twitter_card":"summary_large_image","schema":{"@context":"https:\/\/schema.org","@graph":[{"@type":"WebPage","@id":"https:\/\/miele-outlet.be\/fr\/machines-a-cafe\/cm-6360-125-edition-2\/","url":"https:\/\/miele-outlet.be\/fr\/machines-a-cafe\/cm-6360-125-edition-2\/","name":"CM 6360 125 Edition - Miele","isPartOf":{"@id":"https:\/\/miele-outlet.be\/fr\/#website"},"primaryImageOfPage":{"@id":"https:\/\/miele-outlet.be\/fr\/machines-a-cafe\/cm-6360-125-edition-2\/#primaryimage"},"image":{"@id":"https:\/\/miele-outlet.be\/fr\/machines-a-cafe\/cm-6360-125-edition-2\/#primaryimage"},"thumbnailUrl":"https:\/\/miele-outlet.be\/wp-content\/uploads\/20000205595.png","datePublished":"2026-03-23T12:05:45+00:00","dateModified":"2026-04-27T05:44:57+00:00","breadcrumb":{"@id":"https:\/\/miele-outlet.be\/fr\/machines-a-cafe\/cm-6360-125-edition-2\/#breadcrumb"},"inLanguage":"fr-BE","potentialAction":[{"@type":"ReadAction","target":["https:\/\/miele-outlet.be\/fr\/machines-a-cafe\/cm-6360-125-edition-2\/"]}]},{"@type":"ImageObject","inLanguage":"fr-BE","@id":"https:\/\/miele-outlet.be\/fr\/machines-a-cafe\/cm-6360-125-edition-2\/#primaryimage","url":"https:\/\/miele-outlet.be\/wp-content\/uploads\/20000205595.png","contentUrl":"https:\/\/miele-outlet.be\/wp-content\/uploads\/20000205595.png","width":1400,"height":1319},{"@type":"BreadcrumbList","@id":"https:\/\/miele-outlet.be\/fr\/machines-a-cafe\/cm-6360-125-edition-2\/#breadcrumb","itemListElement":[{"@type":"ListItem","position":1,"name":"Home","item":"https:\/\/miele-outlet.be\/fr\/"},{"@type":"ListItem","position":2,"name":"Tous les produits","item":"https:\/\/miele-outlet.be\/fr\/boutique\/"},{"@type":"ListItem","position":3,"name":"CM 6360 125 Edition"}]},{"@type":"WebSite","@id":"https:\/\/miele-outlet.be\/fr\/#website","url":"https:\/\/miele-outlet.be\/fr\/","name":"Miele","description":"Miele Outlet Webshop","publisher":{"@id":"https:\/\/miele-outlet.be\/fr\/#organization"},"potentialAction":[{"@type":"SearchAction","target":{"@type":"EntryPoint","urlTemplate":"https:\/\/miele-outlet.be\/fr\/?s={search_term_string}"},"query-input":{"@type":"PropertyValueSpecification","valueRequired":true,"valueName":"search_term_string"}}],"inLanguage":"fr-BE"},{"@type":"Organization","@id":"https:\/\/miele-outlet.be\/fr\/#organization","name":"Miele-outlet","url":"https:\/\/miele-outlet.be\/fr\/","logo":{"@type":"ImageObject","inLanguage":"fr-BE","@id":"https:\/\/miele-outlet.be\/fr\/#\/schema\/logo\/image\/","url":"https:\/\/miele-outlet.be\/wp-content\/uploads\/2020\/06\/miele.png","contentUrl":"https:\/\/miele-outlet.be\/wp-content\/uploads\/2020\/06\/miele.png","width":796,"height":311,"caption":"Miele-outlet"},"image":{"@id":"https:\/\/miele-outlet.be\/fr\/#\/schema\/logo\/image\/"}}]}},"_links":{"self":[{"href":"https:\/\/miele-outlet.be\/fr\/wp-json\/wp\/v2\/product\/172297","targetHints":{"allow":["GET"]}}],"collection":[{"href":"https:\/\/miele-outlet.be\/fr\/wp-json\/wp\/v2\/product"}],"about":[{"href":"https:\/\/miele-outlet.be\/fr\/wp-json\/wp\/v2\/types\/product"}],"wp:featuredmedia":[{"embeddable":true,"href":"https:\/\/miele-outlet.be\/fr\/wp-json\/wp\/v2\/media\/168379"}],"wp:attachment":[{"href":"https:\/\/miele-outlet.be\/fr\/wp-json\/wp\/v2\/media?parent=172297"}],"wp:term":[{"taxonomy":"product_cat","embeddable":true,"href":"https:\/\/miele-outlet.be\/fr\/wp-json\/wp\/v2\/product_cat?post=172297"},{"taxonomy":"product_tag","embeddable":true,"href":"https:\/\/miele-outlet.be\/fr\/wp-json\/wp\/v2\/product_tag?post=172297"}],"curies":[{"name":"wp","href":"https:\/\/api.w.org\/{rel}","templated":true}]}}